{"id":9,"date":"2008-05-23T10:52:05","date_gmt":"2008-05-23T09:52:05","guid":{"rendered":"http:\/\/www.k2site.pl\/?page_id=9"},"modified":"2008-06-24T11:58:07","modified_gmt":"2008-06-24T10:58:07","slug":"gitara-do-guitar-hero","status":"publish","type":"page","link":"http:\/\/www.k2site.pl\/?page_id=9","title":{"rendered":"Gitara do Guitar Hero"},"content":{"rendered":"<p>Je\u015bli nie wiesz czym jest Guitar Hero polecam obejrze\u0107 <a href=\"http:\/\/www.gametrailers.com\/player\/8973.html\">recenzje tej wspania\u0142ej gry<\/a> w serwisie GameTrailers.com. Razem z gr\u0105 dostajemy gitar\u0119 niestety tylko jedn\u0105 tak wiec gdy chcemy zagra\u0107 z koleg\u0105\/kole\u017cank\u0105\/lub inna form\u0105 \u017cycia potrzebujemy drugiej gry z kontrolerem&#8230; chyba \u017ce zrobimy sobie taki samemu.<BR><BR>Na pocz\u0105tek potrzebujemy analogowego pada od PSX, kt\u00f3ry pos\u0142u\u017cy nam za serce gitary. Oczywi\u015bcie podlaczaj\u0105c go do konsoli gra nie wykryje go jako gitara, chyba \u017ce na sta\u0142e za\u0142\u0105czymy lewo na <a href=\"http:\/\/pl.wikipedia.org\/wiki\/D-pad\">d-pad<\/a>&#8217;zie, wystarczy kawa\u0142ek przewodu i lutownica. Od tego czasu pod\u0142\u0105czaj\u0105c kontroler do konsoli gra widzi go jako gitar\u0119.<BR><BR>Je\u015bli mamy juz kontroler czas poszuka\u0107 do niego lepszej obudowy, wiec udajemy sie na nasz ulubiony serwis aukcyjny, zagl\u0105damy do dzia\u0142u zabawki i szukamy gitary o d\u0142ugo\u015bci oko\u0142o 65cm. W moim wypadku wybor pad\u0142 na gitar\u0119 widoczn\u0105 na zdj\u0119ciu poni\u017cej.<\/p>\n<p style=\"text-align: center\"><img decoding=\"async\" src=\"\/gfx_w\/gitara\/gitara_out.jpg\" border=\"2\" \/><\/p>\n<p>Bardzo wa\u017cne jest aby gitar\u0119 mo\u017cna by\u0142o rozkr\u0119ci\u0107 na cz\u0119\u015bci, je\u015bli jest klejona nadaje sie na \u015bmietnik.<\/p>\n<p style=\"text-align: center\"><img decoding=\"async\" src=\"\/gfx_w\/gitara\/gitara_dis.jpg\" border=\"2\" \/><\/p>\n<p>Przyciski na gryfie oraz strum bar mo\u017cna wykona\u0107 bardzo \u0142atwo korzystaj\u0105c z starych dyskietek, balsy i kleju epoksydowego (lub innego kleiwa).<\/p>\n<p style=\"text-align: center\"><img decoding=\"async\" src=\"\/gfx_w\/gitara\/guzik1.jpg\" border=\"2\" \/> <img decoding=\"async\" src=\"\/gfx_w\/gitara\/guzik2.jpg\" border=\"2\" \/><\/p>\n<p style=\"text-align: center\"><img decoding=\"async\" src=\"\/gfx_w\/gitara\/strum1.jpg\" border=\"2\" \/> <img decoding=\"async\" src=\"\/gfx_w\/gitara\/strum2.jpg\" border=\"2\" \/><\/p>\n<p>Kiedy mamy ju\u017c wszystkie elementy wracamy do gitary i zaczynamy robi\u0107 dla nich miejsce w \u015brodku, bardzo przydaj\u0105 sie r\u00f3\u017cnego rodzaju stare mazaki, wk\u0142ady do d\u0142ugopis\u00f3w jako tulejki do przykr\u0119cania element\u00f3w oraz podp\u00f3rki przytrzymuj\u0105ce elementy na miejscu podczas gry (szczeg\u00f3lnie p\u0142ytk\u0119 pod strum bar&#8217;em). G\u0142owna p\u0142ytka kontrolera umieszczona jest tak aby przyciski g\u00f3ra d\u00f3\u0142 na d-pad&#8217;ie znajdowa\u0142y sie dok\u0142adnie pod strum bar&#8217;em co bardzo uproszcza konstrukcj\u0119.<\/p>\n<p style=\"text-align: center\"><img decoding=\"async\" src=\"\/gfx_w\/gitara\/gitara_inside1.jpg\" border=\"2\" \/><\/p>\n<p>Styki umieszczone w gryfie to resztki pad&#8217;a przyklejone do kawa\u0142ka pude\u0142ka od p\u0142yt cd.<\/p>\n<p style=\"text-align: center\"><img decoding=\"async\" src=\"\/gfx_w\/gitara\/gitara_inside2.jpg\" border=\"2\" \/><\/p>\n<p>Gitar\u0119 szpachlujemy i malujemy. Obecnie moja gitara po pomalowaniu podk\u0142adem prezentuje sie tak.<\/p>\n<p style=\"text-align: center\"><img decoding=\"async\" src=\"\/gfx_w\/gitara\/gitara1.jpg\" border=\"2\" \/><\/p>\n<p style=\"text-align: center\"><img decoding=\"async\" src=\"\/gfx_w\/gitara\/gitara2.jpg\" border=\"2\" \/><\/p>\n<p>W przysz\u0142o\u015bci dodany b\u0119dzie wham bar oraz tilt sensor.<\/p>\n","protected":false},"excerpt":{"rendered":"<p>Je\u015bli nie wiesz czym jest Guitar Hero polecam obejrze\u0107 recenzje tej wspania\u0142ej gry w serwisie GameTrailers.com. Razem z gr\u0105 dostajemy gitar\u0119 niestety tylko jedn\u0105 tak wiec gdy chcemy zagra\u0107 z koleg\u0105\/kole\u017cank\u0105\/lub inna form\u0105 \u017cycia potrzebujemy drugiej gry z kontrolerem&#8230; chyba \u017ce zrobimy sobie taki samemu.Na pocz\u0105tek potrzebujemy analogowego pada od PSX, kt\u00f3ry pos\u0142u\u017cy nam za [&hellip;]<\/p>\n","protected":false},"author":1,"featured_media":0,"parent":3,"menu_order":0,"comment_status":"open","ping_status":"closed","template":"","meta":{"footnotes":""},"class_list":["post-9","page","type-page","status-publish","hentry"],"_links":{"self":[{"href":"http:\/\/www.k2site.pl\/index.php?rest_route=\/wp\/v2\/pages\/9","targetHints":{"allow":["GET"]}}],"collection":[{"href":"http:\/\/www.k2site.pl\/index.php?rest_route=\/wp\/v2\/pages"}],"about":[{"href":"http:\/\/www.k2site.pl\/index.php?rest_route=\/wp\/v2\/types\/page"}],"author":[{"embeddable":true,"href":"http:\/\/www.k2site.pl\/index.php?rest_route=\/wp\/v2\/users\/1"}],"replies":[{"embeddable":true,"href":"http:\/\/www.k2site.pl\/index.php?rest_route=%2Fwp%2Fv2%2Fcomments&post=9"}],"version-history":[{"count":0,"href":"http:\/\/www.k2site.pl\/index.php?rest_route=\/wp\/v2\/pages\/9\/revisions"}],"up":[{"embeddable":true,"href":"http:\/\/www.k2site.pl\/index.php?rest_route=\/wp\/v2\/pages\/3"}],"wp:attachment":[{"href":"http:\/\/www.k2site.pl\/index.php?rest_route=%2Fwp%2Fv2%2Fmedia&parent=9"}],"curies":[{"name":"wp","href":"https:\/\/api.w.org\/{rel}","templated":true}]}}