{"id":8,"date":"2008-02-12T23:00:32","date_gmt":"2008-02-12T22:00:32","guid":{"rendered":"http:\/\/www.k2site.i8p.eu\/?page_id=8"},"modified":"2009-10-12T22:13:39","modified_gmt":"2009-10-12T21:13:39","slug":"zasilacz-stabilizowany-1a","status":"publish","type":"page","link":"http:\/\/www.k2site.pl\/?page_id=8","title":{"rendered":"Zasilacz stabilizowany 1,5-13v\/1A"},"content":{"rendered":"<p>Dawno, dawno gdy moja zabawa z elektronika sprowadza\u0142a sie do polutowania LED&#8217;\u00f3w i kilku przewod\u00f3w, odczu\u0142em potrzeb\u0119 zakupienia zasilacza. Wyb\u00f3r pad\u0142 na najta\u0144szy zasilacz 1A (chocia\u017c wtedy nic mi to nie m\u00f3wi\u0142o) z regulacja 3-12v. Przy czym rzeczywisty zakres by\u0142 pomi\u0119dzy 4.5-13v. Ca\u0142kiem niedawno gdy po d\u0142ugim czasie wr\u00f3ci\u0142em do przygody z elektronik\u0105 postanowi\u0142em jako pierwsze zrobi\u0107 &#8222;porz\u0105dny&#8221; stabilizowany zasilacz.<BR><BR>Ide\u0105 by\u0142o zachowanie istniej\u0105cej obudowy oraz transformatora. Uk\u0142ad regulacji zasilania to typowa aplikacja uk\u0142adu <a href=\"http:\/\/www.google.pl\/search?q=lm317\">LM317<\/a>, dodatkowo poza potencjometrem do nastawiania warto\u015bci napi\u0119cia w uk\u0142adzie znajduj\u0105 sie dwa dodatkowe potencjometry do precyzyjnej regulacji zakresu kt\u00f3ry wynosi od 1,5-13v.<BR><BR><\/p>\n<p style=\"text-align: center\"><img decoding=\"async\" src=\"\/gfx_w\/zasilator_out.jpg\" border=\"2\" \/><\/p>\n<p style=\"text-align: center\"><img decoding=\"async\" src=\"\/gfx_w\/zasilator_in.jpg\" border=\"2\" \/><\/p>\n","protected":false},"excerpt":{"rendered":"<p>Dawno, dawno gdy moja zabawa z elektronika sprowadza\u0142a sie do polutowania LED&#8217;\u00f3w i kilku przewod\u00f3w, odczu\u0142em potrzeb\u0119 zakupienia zasilacza. Wyb\u00f3r pad\u0142 na najta\u0144szy zasilacz 1A (chocia\u017c wtedy nic mi to nie m\u00f3wi\u0142o) z regulacja 3-12v. Przy czym rzeczywisty zakres by\u0142 pomi\u0119dzy 4.5-13v. Ca\u0142kiem niedawno gdy po d\u0142ugim czasie wr\u00f3ci\u0142em do przygody z elektronik\u0105 postanowi\u0142em jako [&hellip;]<\/p>\n","protected":false},"author":1,"featured_media":0,"parent":3,"menu_order":0,"comment_status":"open","ping_status":"closed","template":"","meta":{"footnotes":""},"class_list":["post-8","page","type-page","status-publish","hentry"],"_links":{"self":[{"href":"http:\/\/www.k2site.pl\/index.php?rest_route=\/wp\/v2\/pages\/8","targetHints":{"allow":["GET"]}}],"collection":[{"href":"http:\/\/www.k2site.pl\/index.php?rest_route=\/wp\/v2\/pages"}],"about":[{"href":"http:\/\/www.k2site.pl\/index.php?rest_route=\/wp\/v2\/types\/page"}],"author":[{"embeddable":true,"href":"http:\/\/www.k2site.pl\/index.php?rest_route=\/wp\/v2\/users\/1"}],"replies":[{"embeddable":true,"href":"http:\/\/www.k2site.pl\/index.php?rest_route=%2Fwp%2Fv2%2Fcomments&post=8"}],"version-history":[{"count":1,"href":"http:\/\/www.k2site.pl\/index.php?rest_route=\/wp\/v2\/pages\/8\/revisions"}],"predecessor-version":[{"id":117,"href":"http:\/\/www.k2site.pl\/index.php?rest_route=\/wp\/v2\/pages\/8\/revisions\/117"}],"up":[{"embeddable":true,"href":"http:\/\/www.k2site.pl\/index.php?rest_route=\/wp\/v2\/pages\/3"}],"wp:attachment":[{"href":"http:\/\/www.k2site.pl\/index.php?rest_route=%2Fwp%2Fv2%2Fmedia&parent=8"}],"curies":[{"name":"wp","href":"https:\/\/api.w.org\/{rel}","templated":true}]}}