{"id":608,"date":"2014-09-01T21:35:54","date_gmt":"2014-09-01T20:35:54","guid":{"rendered":"http:\/\/www.k2site.pl\/?page_id=608"},"modified":"2014-09-01T21:35:54","modified_gmt":"2014-09-01T20:35:54","slug":"dodatkowe-wejscie-toslink-w-amplitunerze-sony-str-de-475","status":"publish","type":"page","link":"http:\/\/www.k2site.pl\/?page_id=608","title":{"rendered":"Dodatkowe wej\u015bcie Toslink w amplitunerze SONY STR DE-475"},"content":{"rendered":"<p>Amplituner SONY STR DE-475 mimo swojego wieku ci\u0105gle bardzo dobrze sprawdza si\u0119 jako centrum kina domowego. Niestety rozszerzaj\u0105c zakres posiadanego sprz\u0119tu doszed\u0142em do momentu w kt\u00f3rym jedno wej\u015bcie optyczne Toslink to za ma\u0142o. Co prawda amplituner posiada drugie cyfrowe wej\u015bcie RCA ale jest ono  rzadko spotykane w urz\u0105dzeniach &#8222;po drugiej stronie kabla&#8221;, a konwertery sygna\u0142u wymagaj\u0105 zewn\u0119trznego zasilania.<BR><br \/>\nSzybkie przejrzenie strony producenta pokaza\u0142o, \u017ce model wy\u017cej (STR-DE545) posiada dwa wej\u015bcia cyfrowe Toslink i jedno RCA. Natomiast tylny panel amplitunera wygl\u0105da bardzo podobnie do tego w moim sprz\u0119cie (przypadek?).<\/p>\n<p><img loading=\"lazy\" decoding=\"async\" src=\"http:\/\/www.k2site.pl\/wp-content\/uploads\/2014\/09\/str_de475vs545.jpeg\" alt=\"str_de475vs545\" width=\"550\" height=\"327\" class=\"aligncenter size-full wp-image-613\" srcset=\"http:\/\/www.k2site.pl\/wp-content\/uploads\/2014\/09\/str_de475vs545.jpeg 550w, http:\/\/www.k2site.pl\/wp-content\/uploads\/2014\/09\/str_de475vs545-100x59.jpeg 100w\" sizes=\"auto, (max-width: 550px) 100vw, 550px\" \/><BR><br \/>\nPo otworzeniu obudowy i przyjrzeniu si\u0119 p\u0142ytce z przetwornikiem DAC wida\u0107 dodatkowe miejsce na z\u0142\u0105cze Toslink. Na drugiej stronie p\u0142ytki poza samym gniazdem brakuje tylko opornika i kondensatora!<\/p>\n<p><img loading=\"lazy\" decoding=\"async\" src=\"http:\/\/www.k2site.pl\/wp-content\/uploads\/2014\/09\/str_de475_dac.jpeg\" alt=\"str_de475_dac\" width=\"550\" height=\"243\" class=\"aligncenter size-full wp-image-614\" srcset=\"http:\/\/www.k2site.pl\/wp-content\/uploads\/2014\/09\/str_de475_dac.jpeg 550w, http:\/\/www.k2site.pl\/wp-content\/uploads\/2014\/09\/str_de475_dac-100x44.jpeg 100w\" sizes=\"auto, (max-width: 550px) 100vw, 550px\" \/><BR><br \/>\nKomponenty na miejscu, zasilanie za\u0142\u0105czone&#8230; niestety nie dzia\u0142a. Nie mam mo\u017cliwo\u015bci wyboru dodatkowego z\u0142\u0105cza. Nie jest uwzgl\u0119dnione w oprogramowaniu amplitunera (a mog\u0142o by\u0107 tak \u0142atwo).<BR><br \/>\nPoniewa\u017c z\u0142\u0105cze RCA jest nie wykorzystane od\u0142\u0105czam je (przeci\u0119cie \u015bcie\u017cki sygna\u0142owej) i w jego miejsce pod\u0142\u0105czam sygna\u0142 z drugiego Toslinka. <\/p>\n<p><img loading=\"lazy\" decoding=\"async\" src=\"http:\/\/www.k2site.pl\/wp-content\/uploads\/2014\/09\/str_de475_mod.jpeg\" alt=\"str_de475_mod\" width=\"550\" height=\"283\" class=\"aligncenter size-full wp-image-617\" srcset=\"http:\/\/www.k2site.pl\/wp-content\/uploads\/2014\/09\/str_de475_mod.jpeg 550w, http:\/\/www.k2site.pl\/wp-content\/uploads\/2014\/09\/str_de475_mod-100x51.jpeg 100w\" sizes=\"auto, (max-width: 550px) 100vw, 550px\" \/><BR><br \/>\nKolejny test, sprz\u0119t dzia\u0142a. Wyb\u00f3r sygna\u0142u dla gniazda RCA aktywuje drugie gniazdo Toslink.<BR><br \/>\nPowy\u017csze rozwi\u0105zanie jest najprostszym rozwi\u0105zaniem. Aby zachowa\u0107 funkcjonalno\u015b\u0107 gniazda RCA mo\u017cna zastosowa\u0107 prze\u0142\u0105cznik dwu pozycyjny do prze\u0142\u0105czania sygna\u0142u pomeidzy gniazdami (r\u0119cznie) lub wykona\u0107 dodatkowy uk\u0142ad elektroniczny instalowany w amplitunerze kt\u00f3ry automatycznie prze\u0142\u0105cza sygna\u0142 po jego wykryciu na danym z\u0142\u0105czu (Toslink lub RCA).<\/p>\n","protected":false},"excerpt":{"rendered":"<p>Amplituner SONY STR DE-475 mimo swojego wieku ci\u0105gle bardzo dobrze sprawdza si\u0119 jako centrum kina domowego. Niestety rozszerzaj\u0105c zakres posiadanego sprz\u0119tu doszed\u0142em do momentu w kt\u00f3rym jedno wej\u015bcie optyczne Toslink to za ma\u0142o. Co prawda amplituner posiada drugie cyfrowe wej\u015bcie RCA ale jest ono rzadko spotykane w urz\u0105dzeniach &#8222;po drugiej stronie kabla&#8221;, a konwertery sygna\u0142u [&hellip;]<\/p>\n","protected":false},"author":1,"featured_media":0,"parent":3,"menu_order":0,"comment_status":"open","ping_status":"closed","template":"","meta":{"footnotes":""},"class_list":["post-608","page","type-page","status-publish","hentry"],"_links":{"self":[{"href":"http:\/\/www.k2site.pl\/index.php?rest_route=\/wp\/v2\/pages\/608","targetHints":{"allow":["GET"]}}],"collection":[{"href":"http:\/\/www.k2site.pl\/index.php?rest_route=\/wp\/v2\/pages"}],"about":[{"href":"http:\/\/www.k2site.pl\/index.php?rest_route=\/wp\/v2\/types\/page"}],"author":[{"embeddable":true,"href":"http:\/\/www.k2site.pl\/index.php?rest_route=\/wp\/v2\/users\/1"}],"replies":[{"embeddable":true,"href":"http:\/\/www.k2site.pl\/index.php?rest_route=%2Fwp%2Fv2%2Fcomments&post=608"}],"version-history":[{"count":8,"href":"http:\/\/www.k2site.pl\/index.php?rest_route=\/wp\/v2\/pages\/608\/revisions"}],"predecessor-version":[{"id":622,"href":"http:\/\/www.k2site.pl\/index.php?rest_route=\/wp\/v2\/pages\/608\/revisions\/622"}],"up":[{"embeddable":true,"href":"http:\/\/www.k2site.pl\/index.php?rest_route=\/wp\/v2\/pages\/3"}],"wp:attachment":[{"href":"http:\/\/www.k2site.pl\/index.php?rest_route=%2Fwp%2Fv2%2Fmedia&parent=608"}],"curies":[{"name":"wp","href":"https:\/\/api.w.org\/{rel}","templated":true}]}}