{"id":516,"date":"2012-09-18T18:25:40","date_gmt":"2012-09-18T17:25:40","guid":{"rendered":"http:\/\/www.k2site.pl\/?page_id=516"},"modified":"2012-09-19T23:14:53","modified_gmt":"2012-09-19T22:14:53","slug":"bezdotykowy-kontroler-pc","status":"publish","type":"page","link":"http:\/\/www.k2site.pl\/?page_id=516","title":{"rendered":"Bezdotykowy kontroler PC"},"content":{"rendered":"<p>Bezdotykowy kontroler &#8211; urz\u0105dzenie steruj\u0105ce umo\u017cliwiaj\u0105ce zmian\u0119 jego stan\u00f3w bez konieczno\u015bci fizycznego kontaktu z nim samym. Tak najpro\u015bciej mo\u017cna nazwa\u0107 konstrukcje kt\u00f3r\u0105 zaprojektowa\u0142em i zbudowa\u0142em dla kolegi BTM jako kontroler do gry Dance Mania X. Jest to gra gdzie w rytm muzyki nale\u017cy przys\u0142ania\u0107 d\u0142oniami odpowiednie &#8222;sensory&#8221;.<BR><br \/>\nPoniewa\u017c kontroler mia\u0142 by\u0107 pod\u0142\u0105czony do PC i dzia\u0142a\u0107 jak normalny pad jako platform\u0119 wykorzysta\u0142em najprostszy cyfrowy kontroler USB. P\u0142ytk\u0119 pada przyci\u0105\u0142em do mniejszych rozmiar\u00f3w tak aby zmie\u015bci\u0142a si\u0119 uniwersalnej obudowie, a ona sama wyposa\u017cona zosta\u0142a w trzy prze\u0142\u0105czniki monostabilne. Do wykonania sensor\u00f3w wykorzysta\u0142em cyfrowe czujniki odleg\u0142o\u015bci SHARP GP2Y0D340K. Charakteryzuj\u0105 si\u0119 one stosunkowo szybkim czasem odpowiedzi (8ms) i odleg\u0142o\u015bci\u0105 dzia\u0142ania w granicach 0-400mm.<BR><br \/>\n<img loading=\"lazy\" decoding=\"async\" src=\"http:\/\/www.k2site.pl\/wp-content\/uploads\/2012\/09\/dance_1.jpg\" alt=\"\" title=\"dance_1\" width=\"550\" height=\"385\" class=\"alignnone size-full wp-image-533\" srcset=\"http:\/\/www.k2site.pl\/wp-content\/uploads\/2012\/09\/dance_1.jpg 550w, http:\/\/www.k2site.pl\/wp-content\/uploads\/2012\/09\/dance_1-100x70.jpg 100w\" sizes=\"auto, (max-width: 550px) 100vw, 550px\" \/><br \/>\nCzujniki odleg\u0142o\u015bci zmieniaj\u0105 stan wyj\u015bcia na niski po wykryciu przeszkody, po przej\u015bciu przez bramk\u0119 odwracaj\u0105c\u0105 za\u0142\u0105czaj\u0105 odpowiednie przyciski kontrolera poprzez prze\u0142\u0105cznik scalony CD4016.<BR><br \/>\nWytrawione p\u0142ytki.<br \/>\n<img loading=\"lazy\" decoding=\"async\" src=\"http:\/\/www.k2site.pl\/wp-content\/uploads\/2012\/09\/dance_2.jpg\" alt=\"\" title=\"dance_2\" width=\"550\" height=\"351\" class=\"alignnone size-full wp-image-537\" srcset=\"http:\/\/www.k2site.pl\/wp-content\/uploads\/2012\/09\/dance_2.jpg 550w, http:\/\/www.k2site.pl\/wp-content\/uploads\/2012\/09\/dance_2-100x63.jpg 100w\" sizes=\"auto, (max-width: 550px) 100vw, 550px\" \/><br \/>\nPolutowana elektronika.<br \/>\n<img loading=\"lazy\" decoding=\"async\" src=\"http:\/\/www.k2site.pl\/wp-content\/uploads\/2012\/09\/dance_3.jpg\" alt=\"\" title=\"dance_3\" width=\"550\" height=\"497\" class=\"alignnone size-full wp-image-535\" srcset=\"http:\/\/www.k2site.pl\/wp-content\/uploads\/2012\/09\/dance_3.jpg 550w, http:\/\/www.k2site.pl\/wp-content\/uploads\/2012\/09\/dance_3-100x90.jpg 100w\" sizes=\"auto, (max-width: 550px) 100vw, 550px\" \/><br \/>\nGotowy kontroler.<br \/>\n<img loading=\"lazy\" decoding=\"async\" src=\"http:\/\/www.k2site.pl\/wp-content\/uploads\/2012\/09\/dance_4.jpg\" alt=\"\" title=\"dance_4\" width=\"550\" height=\"326\" class=\"alignnone size-full wp-image-536\" srcset=\"http:\/\/www.k2site.pl\/wp-content\/uploads\/2012\/09\/dance_4.jpg 550w, http:\/\/www.k2site.pl\/wp-content\/uploads\/2012\/09\/dance_4-100x59.jpg 100w\" sizes=\"auto, (max-width: 550px) 100vw, 550px\" \/><\/p>\n","protected":false},"excerpt":{"rendered":"<p>Bezdotykowy kontroler &#8211; urz\u0105dzenie steruj\u0105ce umo\u017cliwiaj\u0105ce zmian\u0119 jego stan\u00f3w bez konieczno\u015bci fizycznego kontaktu z nim samym. Tak najpro\u015bciej mo\u017cna nazwa\u0107 konstrukcje kt\u00f3r\u0105 zaprojektowa\u0142em i zbudowa\u0142em dla kolegi BTM jako kontroler do gry Dance Mania X. Jest to gra gdzie w rytm muzyki nale\u017cy przys\u0142ania\u0107 d\u0142oniami odpowiednie &#8222;sensory&#8221;. Poniewa\u017c kontroler mia\u0142 by\u0107 pod\u0142\u0105czony do PC i [&hellip;]<\/p>\n","protected":false},"author":1,"featured_media":0,"parent":3,"menu_order":0,"comment_status":"open","ping_status":"closed","template":"","meta":{"footnotes":""},"class_list":["post-516","page","type-page","status-publish","hentry"],"_links":{"self":[{"href":"http:\/\/www.k2site.pl\/index.php?rest_route=\/wp\/v2\/pages\/516","targetHints":{"allow":["GET"]}}],"collection":[{"href":"http:\/\/www.k2site.pl\/index.php?rest_route=\/wp\/v2\/pages"}],"about":[{"href":"http:\/\/www.k2site.pl\/index.php?rest_route=\/wp\/v2\/types\/page"}],"author":[{"embeddable":true,"href":"http:\/\/www.k2site.pl\/index.php?rest_route=\/wp\/v2\/users\/1"}],"replies":[{"embeddable":true,"href":"http:\/\/www.k2site.pl\/index.php?rest_route=%2Fwp%2Fv2%2Fcomments&post=516"}],"version-history":[{"count":9,"href":"http:\/\/www.k2site.pl\/index.php?rest_route=\/wp\/v2\/pages\/516\/revisions"}],"predecessor-version":[{"id":558,"href":"http:\/\/www.k2site.pl\/index.php?rest_route=\/wp\/v2\/pages\/516\/revisions\/558"}],"up":[{"embeddable":true,"href":"http:\/\/www.k2site.pl\/index.php?rest_route=\/wp\/v2\/pages\/3"}],"wp:attachment":[{"href":"http:\/\/www.k2site.pl\/index.php?rest_route=%2Fwp%2Fv2%2Fmedia&parent=516"}],"curies":[{"name":"wp","href":"https:\/\/api.w.org\/{rel}","templated":true}]}}