{"id":488,"date":"2012-06-07T16:04:19","date_gmt":"2012-06-07T15:04:19","guid":{"rendered":"http:\/\/www.k2site.pl\/?page_id=488"},"modified":"2012-09-19T23:13:40","modified_gmt":"2012-09-19T22:13:40","slug":"urzadzenie-przyciskowe","status":"publish","type":"page","link":"http:\/\/www.k2site.pl\/?page_id=488","title":{"rendered":"Urz\u0105dzenie przyciskowe"},"content":{"rendered":"<p><a href=\"http:\/\/www.k2site.pl\/?attachment_id=467\" rel=\"attachment wp-att-467\"><img loading=\"lazy\" decoding=\"async\" src=\"http:\/\/www.k2site.pl\/wp-content\/uploads\/2012\/05\/b_dev_thu.jpg\" alt=\"\" title=\"b_dev_thu\" width=\"170\" height=\"178\" class=\"alignleft size-full wp-image-467\" srcset=\"http:\/\/www.k2site.pl\/wp-content\/uploads\/2012\/05\/b_dev_thu.jpg 170w, http:\/\/www.k2site.pl\/wp-content\/uploads\/2012\/05\/b_dev_thu-95x100.jpg 95w\" sizes=\"auto, (max-width: 170px) 100vw, 170px\" \/><\/a> W ubieg\u0142ym roku znajomy z serwisu <a href=\"http:\/\/www.suchar.net\">www.suchar.net<\/a> poprosi\u0142 mnie o zbudowanie urz\u0105dzenia na wz\u00f3r teleturniej\u00f3w telewizyjnych gdzie pierwsza osoba kt\u00f3ra wci\u015bnie guzik odpowiada na pytanie. Urz\u0105dzenie mia\u0142o zosta\u0107 wykorzystywane (i zosta\u0142o) na zlocie fan\u00f3w (fanatyk\u00f3w?) serwisu w zwi\u0105zku z niejasno\u015bci i r\u0119koczynami do kt\u00f3rych dochodzi\u0142o w ubieg\u0142ych latach podczas ro\u017cnych konkurs\u00f3w.<BR><br \/>\nJako wytrzyma\u0142a i odporn\u0105 na uszkodzenia &#8222;platform\u0119&#8221; do budowy wykorzysta\u0142em gotowe przyciski grzybkowe wraz z obudowami. W ka\u017cdej obudowie umie\u015bci\u0142em zielon\u0105 diod\u0119 LED 10mm kt\u00f3ra zapala si\u0119 po wci\u015bni\u0119ciu przycisku. Dodatkowo \u015brodkowa obudowa ma buzz&#8217;er piezoelektryczny kt\u00f3ry informuje, \u017ce jeden z przycisk\u00f3w zosta\u0142 wci\u015bni\u0119ty, lewa baterie 9v kt\u00f3ra zapewnia zasilanie dla ca\u0142ego uk\u0142adu.<BR><br \/>\n<a href=\"http:\/\/www.k2site.pl\/?attachment_id=503\" rel=\"attachment wp-att-503\"><img loading=\"lazy\" decoding=\"async\" src=\"http:\/\/www.k2site.pl\/wp-content\/uploads\/2012\/06\/b_dev_1.jpg\" alt=\"\" title=\"b_dev_1\" width=\"550\" height=\"420\" class=\"alignnone size-full wp-image-503\" srcset=\"http:\/\/www.k2site.pl\/wp-content\/uploads\/2012\/06\/b_dev_1.jpg 550w, http:\/\/www.k2site.pl\/wp-content\/uploads\/2012\/06\/b_dev_1-100x76.jpg 100w\" sizes=\"auto, (max-width: 550px) 100vw, 550px\" \/><\/a><br \/>\n<a href=\"http:\/\/www.k2site.pl\/?attachment_id=501\" rel=\"attachment wp-att-501\"><img loading=\"lazy\" decoding=\"async\" src=\"http:\/\/www.k2site.pl\/wp-content\/uploads\/2012\/06\/b_dev_2.jpg\" alt=\"\" title=\"b_dev_2\" width=\"550\" height=\"412\" class=\"alignnone size-full wp-image-501\" srcset=\"http:\/\/www.k2site.pl\/wp-content\/uploads\/2012\/06\/b_dev_2.jpg 550w, http:\/\/www.k2site.pl\/wp-content\/uploads\/2012\/06\/b_dev_2-100x74.jpg 100w\" sizes=\"auto, (max-width: 550px) 100vw, 550px\" \/><\/a><BR><br \/>\nTroch\u0119 czasu zaj\u0119\u0142o mi wymy\u015blenie jak zrobi\u0107 aby po wci\u015bni\u0119ciu pierwszego przycisku pozosta\u0142e pozosta\u0142y nieaktywne a\u017c do jego odblokowania. Postanowi\u0142em skupi\u0107 si\u0119 na rozwianiu jak najprostszym bez zaprz\u0119gania do tego mikrokontrolera lub scalonych uk\u0142adu logicznych. Ostatecznie uk\u0142ad sk\u0142ada si\u0119 z 3 przeka\u017anik\u00f3w, 9 diod prostowniczych i 6 opornik\u00f3w.<BR><br \/>\n<a href=\"http:\/\/www.k2site.pl\/?attachment_id=502\" rel=\"attachment wp-att-502\"><img loading=\"lazy\" decoding=\"async\" src=\"http:\/\/www.k2site.pl\/wp-content\/uploads\/2012\/06\/b_dev_sch.jpg\" alt=\"\" title=\"b_dev_sch\" width=\"550\" height=\"530\" class=\"alignnone size-full wp-image-502\" srcset=\"http:\/\/www.k2site.pl\/wp-content\/uploads\/2012\/06\/b_dev_sch.jpg 550w, http:\/\/www.k2site.pl\/wp-content\/uploads\/2012\/06\/b_dev_sch-100x96.jpg 100w\" sizes=\"auto, (max-width: 550px) 100vw, 550px\" \/><\/a><\/p>\n","protected":false},"excerpt":{"rendered":"<p>W ubieg\u0142ym roku znajomy z serwisu www.suchar.net poprosi\u0142 mnie o zbudowanie urz\u0105dzenia na wz\u00f3r teleturniej\u00f3w telewizyjnych gdzie pierwsza osoba kt\u00f3ra wci\u015bnie guzik odpowiada na pytanie. Urz\u0105dzenie mia\u0142o zosta\u0107 wykorzystywane (i zosta\u0142o) na zlocie fan\u00f3w (fanatyk\u00f3w?) serwisu w zwi\u0105zku z niejasno\u015bci i r\u0119koczynami do kt\u00f3rych dochodzi\u0142o w ubieg\u0142ych latach podczas ro\u017cnych konkurs\u00f3w. Jako wytrzyma\u0142a i odporn\u0105 [&hellip;]<\/p>\n","protected":false},"author":1,"featured_media":0,"parent":3,"menu_order":0,"comment_status":"open","ping_status":"closed","template":"","meta":{"footnotes":""},"class_list":["post-488","page","type-page","status-publish","hentry"],"_links":{"self":[{"href":"http:\/\/www.k2site.pl\/index.php?rest_route=\/wp\/v2\/pages\/488","targetHints":{"allow":["GET"]}}],"collection":[{"href":"http:\/\/www.k2site.pl\/index.php?rest_route=\/wp\/v2\/pages"}],"about":[{"href":"http:\/\/www.k2site.pl\/index.php?rest_route=\/wp\/v2\/types\/page"}],"author":[{"embeddable":true,"href":"http:\/\/www.k2site.pl\/index.php?rest_route=\/wp\/v2\/users\/1"}],"replies":[{"embeddable":true,"href":"http:\/\/www.k2site.pl\/index.php?rest_route=%2Fwp%2Fv2%2Fcomments&post=488"}],"version-history":[{"count":22,"href":"http:\/\/www.k2site.pl\/index.php?rest_route=\/wp\/v2\/pages\/488\/revisions"}],"predecessor-version":[{"id":557,"href":"http:\/\/www.k2site.pl\/index.php?rest_route=\/wp\/v2\/pages\/488\/revisions\/557"}],"up":[{"embeddable":true,"href":"http:\/\/www.k2site.pl\/index.php?rest_route=\/wp\/v2\/pages\/3"}],"wp:attachment":[{"href":"http:\/\/www.k2site.pl\/index.php?rest_route=%2Fwp%2Fv2%2Fmedia&parent=488"}],"curies":[{"name":"wp","href":"https:\/\/api.w.org\/{rel}","templated":true}]}}