{"id":48,"date":"2009-05-16T22:20:19","date_gmt":"2009-05-16T21:20:19","guid":{"rendered":"http:\/\/www.k2site.pl\/?page_id=48"},"modified":"2009-05-16T23:11:28","modified_gmt":"2009-05-16T22:11:28","slug":"konwereter-napiec-max232","status":"publish","type":"page","link":"http:\/\/www.k2site.pl\/?page_id=48","title":{"rendered":"Konwereter napi\u0119\u0107 MAX232"},"content":{"rendered":"<p><img decoding=\"async\" src=\"\/gfx_w\/max232\/parts.jpg\" align=\"left\" border=\"2\" \/>Standard <a href=\"http:\/\/pl.wikipedia.org\/wiki\/RS-232\">RS232<\/a> opracowany zosta\u0142 w 1962. Po mimo swojego wieku jest on szeroko stosowany w wielu urz\u0105dzeniach cyfrowych dost\u0119pnych do dzi\u015b. Wyst\u0119puje zwykle pod postaci\u0105 9 pionowego, \u017ce\u0144skiego portu <a href=\"http:\/\/pl.wikipedia.org\/wiki\/D-Sub\">D-SUB<\/a>. Standard ten jest r\u00f3wnie\u017c stosowanych w mikrokontrolerach, gdzie wyst\u0119puje obok du\u017co nowszych magistral komunikacyjnych takich jak: <a href=\"http:\/\/pl.wikipedia.org\/wiki\/I%C2%B2C\">I2C<\/a> i <a href=\"http:\/\/pl.wikipedia.org\/wiki\/Serial_Peripheral_Interface\">SPI<\/a>.<BR><BR>Poniewa\u017c zakres napi\u0119\u0107 w standardzie RS232 wykracza poza standard TTL (0-5v), do po\u0142\u0105czenia uC z innym urz\u0105dzeniem np komputerem PC konieczne jest zastosowanie konwertera napi\u0119cia. Z pomoc\u0105 przychodzi uk\u0142ad scalony firmy Texas Instruments MAX232. Pozwala on na konwersj\u0119 dw\u00f3ch sygna\u0142\u00f3w wej\u015bciowych i dw\u00f3ch wyj\u015bciowych. Do dzia\u0142ania potrzebuje tylko 5 kondensator\u00f3w (w aplikacji wyst\u0119puj\u0105 cztery tantalowe, ale z do\u015bwiadczenia wiem \u017ce bez pi\u0105tego elektrolitycznego na zasilaniu powstaj\u0105 straszne zak\u0142\u00f3cenia). Zdj\u0119cie poni\u017cej przedstawia gotowy uk\u0142ad, identyczny znajduj\u0119 si\u0119 w moim robocie mobilnym k2R-001m.<BR><BR><\/p>\n<p style=\"text-align: center\"><img decoding=\"async\" src=\"\/gfx_w\/max232\/max232.jpg\" border=\"2\" \/><\/p>\n<p style=\"text-align: center\"><img decoding=\"async\" src=\"\/gfx_w\/max232\/max232_b.jpg\" border=\"2\" \/><\/p>\n","protected":false},"excerpt":{"rendered":"<p>Standard RS232 opracowany zosta\u0142 w 1962. Po mimo swojego wieku jest on szeroko stosowany w wielu urz\u0105dzeniach cyfrowych dost\u0119pnych do dzi\u015b. Wyst\u0119puje zwykle pod postaci\u0105 9 pionowego, \u017ce\u0144skiego portu D-SUB. Standard ten jest r\u00f3wnie\u017c stosowanych w mikrokontrolerach, gdzie wyst\u0119puje obok du\u017co nowszych magistral komunikacyjnych takich jak: I2C i SPI.Poniewa\u017c zakres napi\u0119\u0107 w standardzie RS232 wykracza [&hellip;]<\/p>\n","protected":false},"author":1,"featured_media":0,"parent":3,"menu_order":0,"comment_status":"open","ping_status":"closed","template":"","meta":{"footnotes":""},"class_list":["post-48","page","type-page","status-publish","hentry"],"_links":{"self":[{"href":"http:\/\/www.k2site.pl\/index.php?rest_route=\/wp\/v2\/pages\/48","targetHints":{"allow":["GET"]}}],"collection":[{"href":"http:\/\/www.k2site.pl\/index.php?rest_route=\/wp\/v2\/pages"}],"about":[{"href":"http:\/\/www.k2site.pl\/index.php?rest_route=\/wp\/v2\/types\/page"}],"author":[{"embeddable":true,"href":"http:\/\/www.k2site.pl\/index.php?rest_route=\/wp\/v2\/users\/1"}],"replies":[{"embeddable":true,"href":"http:\/\/www.k2site.pl\/index.php?rest_route=%2Fwp%2Fv2%2Fcomments&post=48"}],"version-history":[{"count":12,"href":"http:\/\/www.k2site.pl\/index.php?rest_route=\/wp\/v2\/pages\/48\/revisions"}],"predecessor-version":[{"id":63,"href":"http:\/\/www.k2site.pl\/index.php?rest_route=\/wp\/v2\/pages\/48\/revisions\/63"}],"up":[{"embeddable":true,"href":"http:\/\/www.k2site.pl\/index.php?rest_route=\/wp\/v2\/pages\/3"}],"wp:attachment":[{"href":"http:\/\/www.k2site.pl\/index.php?rest_route=%2Fwp%2Fv2%2Fmedia&parent=48"}],"curies":[{"name":"wp","href":"https:\/\/api.w.org\/{rel}","templated":true}]}}