{"id":4,"date":"2008-02-12T16:43:18","date_gmt":"2008-02-12T15:43:18","guid":{"rendered":"http:\/\/www.k2site.i8p.eu\/?page_id=4"},"modified":"2011-10-19T20:55:25","modified_gmt":"2011-10-19T19:55:25","slug":"ksiazki","status":"publish","type":"page","link":"http:\/\/www.k2site.pl\/?page_id=4","title":{"rendered":"Ksi\u0105\u017cki"},"content":{"rendered":"<p>Poni\u017cej przedstawiam list\u0119 ksi\u0105\u017cek kt\u00f3re przeczyta\u0142em w ci\u0105gu ostatnich kilku lat (i kt\u00f3rych tytu\u0142y ci\u0105gle pami\u0119tam). Znalaz\u0142y si\u0119 na niej takie gatunki jak: s-f, fantasy, krymina\u0142, sensacja, przygoda, horror, thriller. Uwa\u017cam \u017ce s\u0105 to pozycje bardzo dobre i warte przeczytania.<br \/>\n[quote|all]<\/p>\n","protected":false},"excerpt":{"rendered":"<p>Poni\u017cej przedstawiam list\u0119 ksi\u0105\u017cek kt\u00f3re przeczyta\u0142em w ci\u0105gu ostatnich kilku lat (i kt\u00f3rych tytu\u0142y ci\u0105gle pami\u0119tam). Znalaz\u0142y si\u0119 na niej takie gatunki jak: s-f, fantasy, krymina\u0142, sensacja, przygoda, horror, thriller. Uwa\u017cam \u017ce s\u0105 to pozycje bardzo dobre i warte przeczytania. [quote|all]<\/p>\n","protected":false},"author":1,"featured_media":0,"parent":0,"menu_order":1,"comment_status":"closed","ping_status":"closed","template":"","meta":{"footnotes":""},"class_list":["post-4","page","type-page","status-publish","hentry"],"_links":{"self":[{"href":"http:\/\/www.k2site.pl\/index.php?rest_route=\/wp\/v2\/pages\/4","targetHints":{"allow":["GET"]}}],"collection":[{"href":"http:\/\/www.k2site.pl\/index.php?rest_route=\/wp\/v2\/pages"}],"about":[{"href":"http:\/\/www.k2site.pl\/index.php?rest_route=\/wp\/v2\/types\/page"}],"author":[{"embeddable":true,"href":"http:\/\/www.k2site.pl\/index.php?rest_route=\/wp\/v2\/users\/1"}],"replies":[{"embeddable":true,"href":"http:\/\/www.k2site.pl\/index.php?rest_route=%2Fwp%2Fv2%2Fcomments&post=4"}],"version-history":[{"count":2,"href":"http:\/\/www.k2site.pl\/index.php?rest_route=\/wp\/v2\/pages\/4\/revisions"}],"predecessor-version":[{"id":450,"href":"http:\/\/www.k2site.pl\/index.php?rest_route=\/wp\/v2\/pages\/4\/revisions\/450"}],"wp:attachment":[{"href":"http:\/\/www.k2site.pl\/index.php?rest_route=%2Fwp%2Fv2%2Fmedia&parent=4"}],"curies":[{"name":"wp","href":"https:\/\/api.w.org\/{rel}","templated":true}]}}