{"id":34,"date":"2009-01-11T14:34:12","date_gmt":"2009-01-11T13:34:12","guid":{"rendered":"http:\/\/www.k2site.pl\/?page_id=34"},"modified":"2011-10-20T21:08:33","modified_gmt":"2011-10-20T20:08:33","slug":"programator-mikrokontrolerow-pic-usb","status":"publish","type":"page","link":"http:\/\/www.k2site.pl\/?page_id=34","title":{"rendered":"Programator mikrokontroler\u00f3w PIC (USB)"},"content":{"rendered":"<p>Kr\u00f3tka praca z programatorem na LPT spowodowa\u0142a \u017ce zacz\u0105\u0142em szuka\u0107 w internecie rozwi\u0105zania lepszego, programatora na USB. Nie szuka\u0142em d\u0142ugo poniewa\u017c autor programu <a href=\"http:\/\/www.sprut.de\/electronic\/soft\/pbrenner\/pbrenner2.htm\">PBrennerNG<\/a> stworzy\u0142 bardzo dobry programator <a href=\"http:\/\/www.sprut.de\/electronic\/pic\/projekte\/brenner8\/index.htm\">Brenner8P<\/a> na USB wraz z softem <a href=\"http:\/\/www.sprut.de\/electronic\/soft\/usburn\/usburn.htm\">US-Burn<\/a> (program dost\u0119pny jest zar\u00f3wno na system Windows jak i Linux). Programator oparty jest o mikrokontroler PIC18F2550 kt\u00f3ry sprz\u0119towo obs\u0142uguje interfejs USB, ponadto wyeliminowany zosta\u0142 problem z zewn\u0119trznym zasilaniem poniewa\u017c na p\u0142ytce znajduje si\u0119 przetwornica kt\u00f3ra zwi\u0119ksza napi\u0119cie programowania w zale\u017cno\u015bci od wykrytego uC. Strona autora zawiera pe\u0142n\u0105 dokumentacj\u0119 potrzebn\u0105 do wykonania tego programatora (wz\u00f3r PCB, lista cz\u0119\u015bci, schemat ideowy, wsad do mikrokontrolera).<BR><br \/>\nDokona\u0142em ma\u0142ej modyfikacji PCB, oryginalnie znajduj\u0119 si\u0119 tam z\u0142\u0105cze na podstawk\u0119 <a href=\"http:\/\/pl.wikipedia.org\/wiki\/ZIF\">ZIF<\/a> poniewa\u017c jest ona stosunkowo droga postanowi\u0142em wlutowa\u0107 dwie zwyk\u0142e podstawki DIP.<\/p>\n<p style=\"text-align: center\"><img decoding=\"async\" src=\"\/gfx_w\/picprogusb\/pcb.jpg\" border=\"2\" \/><\/p>\n<p>Gotowy programator.<\/p>\n<p style=\"text-align: center\"><img decoding=\"async\" src=\"\/gfx_w\/picprogusb\/prog.jpg\" border=\"2\" \/><\/p>\n<p>Programatora po pod\u0142\u0105czeniu do komputera od razu wykrywany jest jako nowe urz\u0105dzenie, sterowniki USB dost\u0119pne s\u0105 dla system\u00f3w Windows od 98 po Vist\u0119. Po zainstalowaniu sterownik\u00f3w nale\u017cy dokona\u0107 kalibracji wed\u0142ug instrukcji znajduj\u0105cej si\u0119 na stronie autora.<BR><br \/>\nProgramator spisuj\u0119 si\u0119 bardzo dobrze, pozwala na zaprogramowania uk\u0142ad\u00f3w z serii PIC10Fxxxx, PIC12Fxxxx, PIC16Fxxxx, PIC18Fxxxx, dsPIC30Fxxxx, a tak\u017ce za pomoc\u0105 specjalnej przej\u015bci\u00f3wki obni\u017caj\u0105cej napi\u0119cie PIC18FxxJxx, PIC24 i dsPIC33F.<BR><br \/>\nPo dw\u00f3ch latach bezproblemowej pracy programator doczeka\u0142 si\u0119 podstawki ZIF oraz obudowy.<br \/>\n<img loading=\"lazy\" decoding=\"async\" src=\"http:\/\/www.k2site.pl\/wp-content\/uploads\/2011\/10\/prog_case.jpg\" alt=\"\" title=\"prog_case\" width=\"550\" height=\"455\" class=\"alignnone size-full wp-image-452\" srcset=\"http:\/\/www.k2site.pl\/wp-content\/uploads\/2011\/10\/prog_case.jpg 550w, http:\/\/www.k2site.pl\/wp-content\/uploads\/2011\/10\/prog_case-100x82.jpg 100w\" sizes=\"auto, (max-width: 550px) 100vw, 550px\" \/><br \/>\n Z perspektywy czasu stwierdzam, \u017ce podstawka inna ni\u017c ZIF sprawuje si\u0119 dobrze pod warunkiem nie korzystania z niej zbyt cz\u0119sto.<\/p>\n","protected":false},"excerpt":{"rendered":"<p>Kr\u00f3tka praca z programatorem na LPT spowodowa\u0142a \u017ce zacz\u0105\u0142em szuka\u0107 w internecie rozwi\u0105zania lepszego, programatora na USB. Nie szuka\u0142em d\u0142ugo poniewa\u017c autor programu PBrennerNG stworzy\u0142 bardzo dobry programator Brenner8P na USB wraz z softem US-Burn (program dost\u0119pny jest zar\u00f3wno na system Windows jak i Linux). Programator oparty jest o mikrokontroler PIC18F2550 kt\u00f3ry sprz\u0119towo obs\u0142uguje interfejs [&hellip;]<\/p>\n","protected":false},"author":1,"featured_media":0,"parent":3,"menu_order":0,"comment_status":"open","ping_status":"closed","template":"","meta":{"footnotes":""},"class_list":["post-34","page","type-page","status-publish","hentry"],"_links":{"self":[{"href":"http:\/\/www.k2site.pl\/index.php?rest_route=\/wp\/v2\/pages\/34","targetHints":{"allow":["GET"]}}],"collection":[{"href":"http:\/\/www.k2site.pl\/index.php?rest_route=\/wp\/v2\/pages"}],"about":[{"href":"http:\/\/www.k2site.pl\/index.php?rest_route=\/wp\/v2\/types\/page"}],"author":[{"embeddable":true,"href":"http:\/\/www.k2site.pl\/index.php?rest_route=\/wp\/v2\/users\/1"}],"replies":[{"embeddable":true,"href":"http:\/\/www.k2site.pl\/index.php?rest_route=%2Fwp%2Fv2%2Fcomments&post=34"}],"version-history":[{"count":14,"href":"http:\/\/www.k2site.pl\/index.php?rest_route=\/wp\/v2\/pages\/34\/revisions"}],"predecessor-version":[{"id":457,"href":"http:\/\/www.k2site.pl\/index.php?rest_route=\/wp\/v2\/pages\/34\/revisions\/457"}],"up":[{"embeddable":true,"href":"http:\/\/www.k2site.pl\/index.php?rest_route=\/wp\/v2\/pages\/3"}],"wp:attachment":[{"href":"http:\/\/www.k2site.pl\/index.php?rest_route=%2Fwp%2Fv2%2Fmedia&parent=34"}],"curies":[{"name":"wp","href":"https:\/\/api.w.org\/{rel}","templated":true}]}}