{"id":3,"date":"2008-02-12T16:41:35","date_gmt":"2008-02-12T15:41:35","guid":{"rendered":"http:\/\/www.k2site.i8p.eu\/?page_id=3"},"modified":"2011-09-25T17:31:44","modified_gmt":"2011-09-25T16:31:44","slug":"warsztat","status":"publish","type":"page","link":"http:\/\/www.k2site.pl\/?page_id=3","title":{"rendered":"Warsztat"},"content":{"rendered":"<p>Znajd\u0105 si\u0119 tu wszystkie moje projekty kt\u00f3re zrealizowa\u0142em.<BR><BR><\/p>\n","protected":false},"excerpt":{"rendered":"<p>Znajd\u0105 si\u0119 tu wszystkie moje projekty kt\u00f3re zrealizowa\u0142em.<\/p>\n","protected":false},"author":1,"featured_media":0,"parent":0,"menu_order":0,"comment_status":"closed","ping_status":"closed","template":"","meta":{"footnotes":""},"class_list":["post-3","page","type-page","status-publish","hentry"],"_links":{"self":[{"href":"http:\/\/www.k2site.pl\/index.php?rest_route=\/wp\/v2\/pages\/3","targetHints":{"allow":["GET"]}}],"collection":[{"href":"http:\/\/www.k2site.pl\/index.php?rest_route=\/wp\/v2\/pages"}],"about":[{"href":"http:\/\/www.k2site.pl\/index.php?rest_route=\/wp\/v2\/types\/page"}],"author":[{"embeddable":true,"href":"http:\/\/www.k2site.pl\/index.php?rest_route=\/wp\/v2\/users\/1"}],"replies":[{"embeddable":true,"href":"http:\/\/www.k2site.pl\/index.php?rest_route=%2Fwp%2Fv2%2Fcomments&post=3"}],"version-history":[{"count":2,"href":"http:\/\/www.k2site.pl\/index.php?rest_route=\/wp\/v2\/pages\/3\/revisions"}],"predecessor-version":[{"id":447,"href":"http:\/\/www.k2site.pl\/index.php?rest_route=\/wp\/v2\/pages\/3\/revisions\/447"}],"wp:attachment":[{"href":"http:\/\/www.k2site.pl\/index.php?rest_route=%2Fwp%2Fv2%2Fmedia&parent=3"}],"curies":[{"name":"wp","href":"https:\/\/api.w.org\/{rel}","templated":true}]}}