{"id":2,"date":"2008-02-12T16:35:50","date_gmt":"2008-02-12T15:35:50","guid":{"rendered":""},"modified":"2011-10-19T20:55:45","modified_gmt":"2011-10-19T19:55:45","slug":"informacje","status":"publish","type":"page","link":"http:\/\/www.k2site.pl\/?page_id=2","title":{"rendered":"Informacje"},"content":{"rendered":"<p><img loading=\"lazy\" decoding=\"async\" src=\"http:\/\/www.k2site.pl\/wp-content\/uploads\/2010\/01\/kdwa.gif\" alt=\"\" title=\"kdwa\" width=\"64\" height=\"64\" class=\"alignright size-full wp-image-156\" \/><\/p>\n<p class=\"alignleft\">Imi\u0119: Micha\u0142.<\/p>\n<p><BR><br \/>\nKsywka: k2, kejtu.<BR><br \/>\nWykszta\u0142cenie:<br \/>\n2004-2009 P.\u0141. Wydzia\u0142 Mechaniczny, kierunek Automatyka i Robotyka, specjalno\u015b\u0107 Zautomatyzowane systemy wytwarzania.<BR><br \/>\nPraca:<\/p>\n<p><strong>2011-do teraz<\/strong> B\/S\/H\/ Sprz\u0119t Gospodarstwa Domowego Sp. z o.o. &#8211; Konstruktor w dziale R&#038;D (Aktualnie).<\/p>\n<p><BR><\/p>\n<p><strong>2009-do teraz<\/strong> Game Developer (Programista)(Aktualnie).<\/p>\n<p><BR><\/p>\n<p><strong>2010-2011<\/strong> Text Service S.C. &#8211; Specjalista do spraw informatycznych.<\/p>\n<p><BR><\/p>\n<p><strong>2009-2011<\/strong> Serwis, projektowanie, konstrukcja urz\u0105dze\u0144 do automatyzacji produkcji\/monta\u017cu.<\/p>\n<p><BR><\/p>\n<p><strong>2008-2009<\/strong> GSP Group Sp. z o.o. &#8211; Pracownik Dzia\u0142u Technicznego (projektowanie i wdra\u017canie urz\u0105dze\u0144 do automatyzacji produkcji).<\/p>\n<p><BR><\/p>\n<p><strong>2007<\/strong> Autkokran &#8211; Projektant zabud\u00f3w samochod\u00f3w ci\u0119\u017carowych (przygotowywanie dokumentacji, obliczenia wytrzyma\u0142o\u015bciowe, projekt ram i skrzyni za\u0142adunkowych).<\/p>\n<p><BR>Zainteresowania:<br \/>\nmechanika, elektronika cyfrowa, mikrokontrolery, robotyka, programowanie (c, asm, php), cnc, grafika (g\u0142\u00f3wnie 3d), film, muzyka, ksi\u0105\u017cka, podr\u00f3\u017ce, sport.<BR><br \/>\nKontakt: k2art(at)wp(dot)pl<\/p>\n","protected":false},"excerpt":{"rendered":"<p>Imi\u0119: Micha\u0142. Ksywka: k2, kejtu. Wykszta\u0142cenie: 2004-2009 P.\u0141. Wydzia\u0142 Mechaniczny, kierunek Automatyka i Robotyka, specjalno\u015b\u0107 Zautomatyzowane systemy wytwarzania. Praca: 2011-do teraz B\/S\/H\/ Sprz\u0119t Gospodarstwa Domowego Sp. z o.o. &#8211; Konstruktor w dziale R&#038;D (Aktualnie). 2009-do teraz Game Developer (Programista)(Aktualnie). 2010-2011 Text Service S.C. &#8211; Specjalista do spraw informatycznych. 2009-2011 Serwis, projektowanie, konstrukcja urz\u0105dze\u0144 do automatyzacji [&hellip;]<\/p>\n","protected":false},"author":1,"featured_media":0,"parent":0,"menu_order":2,"comment_status":"closed","ping_status":"closed","template":"","meta":{"footnotes":""},"class_list":["post-2","page","type-page","status-publish","hentry"],"_links":{"self":[{"href":"http:\/\/www.k2site.pl\/index.php?rest_route=\/wp\/v2\/pages\/2","targetHints":{"allow":["GET"]}}],"collection":[{"href":"http:\/\/www.k2site.pl\/index.php?rest_route=\/wp\/v2\/pages"}],"about":[{"href":"http:\/\/www.k2site.pl\/index.php?rest_route=\/wp\/v2\/types\/page"}],"author":[{"embeddable":true,"href":"http:\/\/www.k2site.pl\/index.php?rest_route=\/wp\/v2\/users\/1"}],"replies":[{"embeddable":true,"href":"http:\/\/www.k2site.pl\/index.php?rest_route=%2Fwp%2Fv2%2Fcomments&post=2"}],"version-history":[{"count":40,"href":"http:\/\/www.k2site.pl\/index.php?rest_route=\/wp\/v2\/pages\/2\/revisions"}],"predecessor-version":[{"id":451,"href":"http:\/\/www.k2site.pl\/index.php?rest_route=\/wp\/v2\/pages\/2\/revisions\/451"}],"wp:attachment":[{"href":"http:\/\/www.k2site.pl\/index.php?rest_route=%2Fwp%2Fv2%2Fmedia&parent=2"}],"curies":[{"name":"wp","href":"https:\/\/api.w.org\/{rel}","templated":true}]}}